{"id":12,"date":"2025-12-17T14:52:48","date_gmt":"2025-12-17T14:52:48","guid":{"rendered":"https:\/\/digespedi.us.edu.pl\/?page_id=12"},"modified":"2026-01-07T17:51:00","modified_gmt":"2026-01-07T17:51:00","slug":"about","status":"publish","type":"page","link":"https:\/\/digespedi.us.edu.pl\/index.php\/about\/","title":{"rendered":"About"},"content":{"rendered":"\n<div class=\"wp-block-group alignfull has-global-padding is-layout-constrained wp-container-core-group-is-layout-704e782a wp-block-group-is-layout-constrained\">\n<h2 class=\"wp-block-heading has-text-align-center\">About us<\/h2>\n\n\n\n<p><strong>DIGESPEDI <\/strong>\u2013 <strong>Digital Genres in Specialised Discourses<\/strong> \u2013 is a research group at the Institute of Linguistics, <a href=\"https:\/\/us.edu.pl\/en\/\"><strong>University of Silesia in Katowice<\/strong>,<\/a> Poland. We study <strong>research dissemination<\/strong> in digital environments, <strong>online knowledge communication <\/strong>practices, and <strong>digital genres<\/strong> across diverse discourse domains. Our particular focus is on genres and media that bring together diverse audiences, as well as on communication practices that support public engagement in the development of knowledge and technology.<\/p>\n\n\n\n<p>Our research interests include:<\/p>\n\n\n\n<ul class=\"wp-block-list\">\n<li><strong>multilingualism <\/strong>and digital media engagement in research dissemination;<\/li>\n\n\n\n<li><strong>public science communication<\/strong>, including online and multimodal practices of <strong>knowledge mediation<\/strong> across diverse audiences;<\/li>\n\n\n\n<li>interpersonal and affective meanings in <strong>citizen science discourse<\/strong>;<\/li>\n\n\n\n<li><strong>genre analysis <\/strong>applied to online communication practices;<\/li>\n\n\n\n<li><strong>evaluation <\/strong>and values across diverse discourse domains;<\/li>\n\n\n\n<li><strong>new media<\/strong> in shaping <strong>public attitudes and beliefs<\/strong>;<\/li>\n\n\n\n<li><strong>semantic shifts<\/strong> and reinterpretations of scientific terminology in <strong>social media<\/strong>.<\/li>\n<\/ul>\n\n\n\n<p>We share a strong interest in the linguistic and rhetorical features of texts and media that foster public access to information, bridge knowledge gaps between experts and broad audiences, facilitate public participation in scientific research, and contribute to building public trust in science.<\/p>\n\n\n\n<p class=\"has-text-align-center\">***<\/p>\n\n\n\n<p><strong>DIGESPEDI <\/strong>\u2013 <strong>Gatunki cyfrowe w dyskursach specjalistycznych<\/strong> \u2013 jest zespo\u0142em badawczym dzia\u0142aj\u0105cym w <a href=\"https:\/\/us.edu.pl\/instytut\/ij\/\">Instytucie J\u0119zykoznawstwa<\/a> <a href=\"https:\/\/us.edu.pl\/\">Uniwersytetu \u015al\u0105skiego w Katowicach<\/a>. Prowadzimy badania nad upowszechnianiem wynik\u00f3w bada\u0144 naukowych w \u015brodowisku cyfrowym, praktykami komunikowania wiedzy w Internecie oraz gatunkami cyfrowymi w r\u00f3\u017cnych domenach dyskursu. Koncentrujemy si\u0119 w szczeg\u00f3lno\u015bci na gatunkach i mediach, kt\u00f3re skupiaj\u0105 wewn\u0119trznie zr\u00f3\u017cnicowane grupy odbiorc\u00f3w, oraz na praktykach komunikacyjnych sprzyjaj\u0105cych zaanga\u017cowaniu spo\u0142ecznemu w rozw\u00f3j wiedzy i technologii.<\/p>\n\n\n\n<p>Nasze zainteresowania badawcze obejmuj\u0105:<\/p>\n\n\n\n<ul class=\"wp-block-list\">\n<li>wieloj\u0119zyczno\u015b\u0107 i rol\u0119 medi\u00f3w cyfrowych w upowszechnianiu wynik\u00f3w bada\u0144 naukowych;<\/li>\n\n\n\n<li>komunikacj\u0119 naukow\u0105 i popularyzacj\u0119 nauki, w tym internetowe i multimodalne praktyki rekontekstualizowania wiedzy skierowane do r\u00f3\u017cnych grup odbiorc\u00f3w;<\/li>\n\n\n\n<li>znaczenia interpersonalne i emocje w dyskursie nauki obywatelskiej;<\/li>\n\n\n\n<li>analiz\u0119 gatunk\u00f3w w kontek\u015bcie komunikacji online;<\/li>\n\n\n\n<li>komunikowanie ocen i warto\u015bci w r\u00f3\u017cnych domenach dyskursu;<\/li>\n\n\n\n<li>rol\u0119 nowych medi\u00f3w w kszta\u0142towaniu postaw i przekona\u0144 spo\u0142ecznych;<\/li>\n\n\n\n<li>przesuni\u0119cia semantyczne oraz reinterpretacje terminologii naukowej w mediach spo\u0142eczno\u015bciowych.<\/li>\n<\/ul>\n\n\n\n<p class=\"is-style-default\">\u0141\u0105czy nas zainteresowanie j\u0119zykiem oraz strategiami retorycznymi charakterystycznymi dla tekst\u00f3w i medi\u00f3w, kt\u00f3re wspieraj\u0105 powszechny dost\u0119p do informacji, pomagaj\u0105 zmniejszy\u0107 r\u00f3\u017cnice w wiedzy posiadanej przez ekspert\u00f3w i szerokie grono odbiorc\u00f3w, wspieraj\u0105 udzia\u0142 spo\u0142ecze\u0144stwa w badaniach naukowych oraz przyczyniaj\u0105 si\u0119 do budowania spo\u0142ecznego zaufania do nauki.<\/p>\n<\/div>\n\n\n\n<figure class=\"wp-block-image size-large\"><img loading=\"lazy\" decoding=\"async\" width=\"1024\" height=\"684\" src=\"https:\/\/digespedi.us.edu.pl\/wp-content\/uploads\/2025\/12\/us-1-1024x684.jpg\" alt=\"\" class=\"wp-image-37\" srcset=\"https:\/\/digespedi.us.edu.pl\/wp-content\/uploads\/2025\/12\/us-1-1024x684.jpg 1024w, https:\/\/digespedi.us.edu.pl\/wp-content\/uploads\/2025\/12\/us-1-300x200.jpg 300w, https:\/\/digespedi.us.edu.pl\/wp-content\/uploads\/2025\/12\/us-1-768x513.jpg 768w, https:\/\/digespedi.us.edu.pl\/wp-content\/uploads\/2025\/12\/us-1.jpg 1100w\" sizes=\"auto, (max-width: 1024px) 100vw, 1024px\" \/><\/figure>\n","protected":false},"excerpt":{"rendered":"<p>About us DIGESPEDI \u2013 Digital Genres in Specialised Discourses \u2013 is a research group at the Institute of Linguistics, University of Silesia in Katowice, Poland. We study research dissemination in digital environments, online knowledge communication practices, and digital genres across diverse discourse domains. Our particular focus is on genres and media that bring together diverse [&hellip;]<\/p>\n","protected":false},"author":1,"featured_media":0,"parent":0,"menu_order":0,"comment_status":"closed","ping_status":"closed","template":"","meta":{"footnotes":""},"class_list":["post-12","page","type-page","status-publish","hentry"],"_links":{"self":[{"href":"https:\/\/digespedi.us.edu.pl\/index.php\/wp-json\/wp\/v2\/pages\/12","targetHints":{"allow":["GET"]}}],"collection":[{"href":"https:\/\/digespedi.us.edu.pl\/index.php\/wp-json\/wp\/v2\/pages"}],"about":[{"href":"https:\/\/digespedi.us.edu.pl\/index.php\/wp-json\/wp\/v2\/types\/page"}],"author":[{"embeddable":true,"href":"https:\/\/digespedi.us.edu.pl\/index.php\/wp-json\/wp\/v2\/users\/1"}],"replies":[{"embeddable":true,"href":"https:\/\/digespedi.us.edu.pl\/index.php\/wp-json\/wp\/v2\/comments?post=12"}],"version-history":[{"count":8,"href":"https:\/\/digespedi.us.edu.pl\/index.php\/wp-json\/wp\/v2\/pages\/12\/revisions"}],"predecessor-version":[{"id":480,"href":"https:\/\/digespedi.us.edu.pl\/index.php\/wp-json\/wp\/v2\/pages\/12\/revisions\/480"}],"wp:attachment":[{"href":"https:\/\/digespedi.us.edu.pl\/index.php\/wp-json\/wp\/v2\/media?parent=12"}],"curies":[{"name":"wp","href":"https:\/\/api.w.org\/{rel}","templated":true}]}}