{"id":172,"date":"2025-12-20T11:03:48","date_gmt":"2025-12-20T11:03:48","guid":{"rendered":"https:\/\/digespedi.us.edu.pl\/?page_id=172"},"modified":"2026-01-15T21:42:21","modified_gmt":"2026-01-15T21:42:21","slug":"karolina-ryker","status":"publish","type":"page","link":"https:\/\/digespedi.us.edu.pl\/index.php\/karolina-ryker\/","title":{"rendered":"Karolina Ryker"},"content":{"rendered":"\n<figure class=\"wp-block-image aligncenter size-full is-resized\"><img loading=\"lazy\" decoding=\"async\" width=\"1708\" height=\"2560\" src=\"https:\/\/digespedi.us.edu.pl\/wp-content\/uploads\/2026\/01\/Karolina_Ryker_1-1-scaled.jpg\" alt=\"\" class=\"wp-image-382\" style=\"aspect-ratio:0.6671938241134172;object-fit:cover;width:200px\" srcset=\"https:\/\/digespedi.us.edu.pl\/wp-content\/uploads\/2026\/01\/Karolina_Ryker_1-1-scaled.jpg 1708w, https:\/\/digespedi.us.edu.pl\/wp-content\/uploads\/2026\/01\/Karolina_Ryker_1-1-200x300.jpg 200w, https:\/\/digespedi.us.edu.pl\/wp-content\/uploads\/2026\/01\/Karolina_Ryker_1-1-683x1024.jpg 683w, https:\/\/digespedi.us.edu.pl\/wp-content\/uploads\/2026\/01\/Karolina_Ryker_1-1-768x1151.jpg 768w, https:\/\/digespedi.us.edu.pl\/wp-content\/uploads\/2026\/01\/Karolina_Ryker_1-1-1025x1536.jpg 1025w, https:\/\/digespedi.us.edu.pl\/wp-content\/uploads\/2026\/01\/Karolina_Ryker_1-1-1367x2048.jpg 1367w\" sizes=\"auto, (max-width: 1708px) 100vw, 1708px\" \/><\/figure>\n\n\n\n<h2 class=\"wp-block-heading has-text-align-center has-xx-large-font-size\">Karolina Ryker<\/h2>\n\n\n\n<p class=\"has-text-align-center\">PhD Candidate<\/p>\n\n\n\n<p class=\"has-text-align-left\">ORCID: <a href=\"https:\/\/orcid.org\/0009-0001-0241-7569\">0009-0001-0241-7569<\/a><\/p>\n\n\n\n<p><a href=\"https:\/\/scholar.google.com\/citations?hl=pl&amp;user=mVSbhfwAAAAJ\">Google Scholar <\/a><\/p>\n\n\n\n<p><a href=\"https:\/\/www.researchgate.net\/profile\/Karolina_Ryker\">ResearchGate<\/a> <\/p>\n\n\n\n<p>E-mail: <a href=\"https:\/\/digespedi.us.edu.pl\/index.php\/team\/karolina.ryker@us.edu.pl\">karolina.ryker@us.edu.pl<\/a>; <a href=\"mailto:karolina.ryker@uniroma1.it\">karolina.ryker@uniroma1.it<\/a><\/p>\n\n\n\n<p>I am a PhD candidate in the field of Linguistics at the <a href=\"https:\/\/us.edu.pl\/en\/\">University of Silesia in Katowice<\/a> in cotutelle with <a href=\"https:\/\/www.uniroma1.it\/en\/pagina-strutturale\/home\">Sapienza University of Rome<\/a>. My PhD project focuses on genre analysis of online music reviews as well as exploring evaluative language used in the reviews. I have presented related findings at several international conferences, including the European Society for the Study of English 2024 Conference (ESSE 2024) in Lausanne, Switzerland, and the International Congress of Linguists 2024 in Pozna\u0144, Poland. My research interests stemming from the PhD project include genre analysis, discourse analysis, corpus linguistics, and evaluative language.<\/p>\n\n\n\n<p><strong>Areas of interest and research activity<\/strong><\/p>\n\n\n\n<ul class=\"wp-block-list\">\n<li>genre analysis<\/li>\n\n\n\n<li>digital genres<\/li>\n\n\n\n<li>critical genre analysis<\/li>\n\n\n\n<li>public vs. private intentions in genres<\/li>\n\n\n\n<li>music-related discourse on the internet, in particular online music reviews<\/li>\n\n\n\n<li>evaluative language in discourse related to assessment, opinions and authority<\/li>\n\n\n\n<li>explicit and implicit evaluation in discourse<\/li>\n\n\n\n<li>lexical creativity<\/li>\n\n\n\n<li>qualitative analysis<\/li>\n\n\n\n<li>contrastive linguistics<\/li>\n\n\n\n<li>translation studies<\/li>\n\n\n\n<li>corpus linguistics<\/li>\n<\/ul>\n\n\n\n<p><strong>Publications<\/strong><\/p>\n\n\n\n<p>Ryker, K. M. (2025). Professional vs. consumer discourse communities: Comparative genre analysis of online music reviews.&nbsp;<em>ELAD-SILDA \u00c9tudes de Linguistique et d\u2019Analyse des Discours \u2013 Studies in Linguistics and Discourse Analysis<\/em>, (12), 37\u201377. <a href=\"https:\/\/doi.org\/10.35562\/elad-silda.1757\">https:\/\/doi.org\/10.35562\/elad-silda.1757<\/a><\/p>\n\n\n\n<p>Ryker, K. M. (2024). Lexical creativity in online music reviews: A corpus study of hyphenated neologistic compounds. <em>P\u00f3\u0142rocznik J\u0119zykoznawczy Tertium. Tertium Linguistic Journal<\/em>, <em>9<\/em>(2), 198\u2013223. <a href=\"https:\/\/doi.org\/10.7592\/Tertium.2024.9.2.277\">https:\/\/doi.org\/10.7592\/Tertium.2024.9.2.277<\/a><\/p>\n\n\n\n<p>Ryker, K. M. (2024). Overcoming challenges posed by intertextuality: Translation strategies employed in Polish and German translations of Agatha Christie\u2019s novel titles.&nbsp;<em>Forum for Contemporary Issues in Language and Literature<\/em>,&nbsp;(5), 91\u2013110.&nbsp;<a href=\"https:\/\/doi.org\/10.34739\/fci.2024.05.08\">https:\/\/doi.org\/10.34739\/fci.2024.05.08<\/a><\/p>\n\n\n\n<p><strong>Conferences<\/strong><\/p>\n\n\n\n<p>Ryker, K. M. (2025, September 24\u201326). <em>Methodological considerations in corpus-based digital genre research: The case of the online music review<\/em>. [Conference presentation]. &#8220;Applied Linguistics in the <a>Face of the Challenges of a Changing World&#8221;, Institute of Applied Linguistics, Adam Mickiewicz University in Pozna\u0144, Poland.<\/a><\/p>\n\n\n\n<p>Ryker, K. M. (2025, March 24\u201326). <em>How do critics express their opinions in online music reviews? An&nbsp; analysis of evaluative language in online album reviews<\/em>. [Conference presentation]. &#8220;Contacts &amp; Contrasts 2025: Opinions in Language, Media &amp; Education&#8221;, The Department of Language and Communication of the Faculty of Humanities and Social Sciences at the University of Applied Sciences in Konin, Poland (online).<\/p>\n\n\n\n<p>Ryker, K. M. (2024, September 8\u201314). <em>Corpus-based genre analysis of online music reviews: Exploring the rhetorical structure<\/em>. [Conference presentation]. &#8220;21st International Congress of Linguists (ICL 2024)&#8221;, Comit\u00e9 International Permanent des Linguistes (CIPL), Adam Mickiewicz University in Pozna\u0144, Poland.&nbsp;<\/p>\n\n\n\n<p>Ryker, K. M. (2024, August 26\u201330). <em>Professional vs. consumer discourse communities: Comparative genre analysis of online music reviews<\/em>. [Conference presentation]. &#8220;The European Society for the Study of English 2024 Conference (17th ESSE Conference)&#8221;, University of Lausanne, Lausanne, Switzerland.<\/p>\n\n\n\n<p>Ryker, K. M. (2024, March 13\u201315). <em>Neologistic compounds in online music reviews<\/em>. [Conference presentation]. &#8220;Language of the Third Millennium XIII: Language in the Face of Technology&#8221;, Cracow Tertium Society for the Promotion of Language Studies, Cracow, Poland.<\/p>\n\n\n\n<p>Ryker, K. M. (2023, December 7\u20138). <em>Structural and semantic analysis of medical terminology based on the ER TV series<\/em>. [Conference presentation]. &#8220;Language Research at the Crossroads of Disciplines: The 6th Bia\u0142ystok-Kyiv Conference on Theoretical and Applied Linguistics (6th TALC conference)&#8221;, University of Bia\u0142ystok, Poland.<\/p>\n\n\n\n<p>Ryker, K. M. (2023, November 30\u2013December 2). <em>Modern RP in the Routledge Pronunciation Dictionary of Current English<\/em>. [Conference presentation]. &#8220;Accents 2023. Accent perception and production: 16th International Conference on Native and Non-Native Accents of English&#8221;, Department of English Language and Applied Linguistics, University of \u0141\u00f3d\u017a, Poland.<\/p>\n\n\n\n<p>Ryker, K. M. (2023, November 23\u201324). <em>Overcoming challenges posed by intertextuality: Translation strategies employed in Polish and German translations of Agatha Christie\u2019s novel titles<\/em>. [Conference presentation]. &#8220;8th Annual Siedlce Forum for Contemporary Issues in Language and Literature: \u2018Hidden\u2019 meanings across the fields of literature, linguistics and culture&#8221;, Siedlce University of Natural Sciences and Humanities, Institute of Linguistics and Literary Studies and University of the Balearic Islands, Faculty of Philosophy and Art (online).<\/p>\n\n\n\n<h2 class=\"wp-block-heading has-text-align-center\" style=\"margin-top:var(--wp--preset--spacing--40);margin-bottom:var(--wp--preset--spacing--40)\">Recent activities<\/h2>\n\n\n\n<div class=\"wp-block-query alignwide is-layout-flow wp-block-query-is-layout-flow\">\n<div class=\"wp-block-group is-layout-flow wp-block-group-is-layout-flow\" style=\"padding-top:var(--wp--preset--spacing--50);padding-bottom:var(--wp--preset--spacing--50)\"><ul class=\"wp-block-post-template is-layout-grid wp-container-core-post-template-is-layout-3cd8e4d2 wp-block-post-template-is-layout-grid\"><li class=\"wp-block-post post-515 post type-post status-publish format-standard has-post-thumbnail hentry category-uncategorized tag-karolina-ryker tag-publication\">\n<figure style=\"aspect-ratio:4\/3;\" class=\"wp-block-post-featured-image\"><a href=\"https:\/\/digespedi.us.edu.pl\/index.php\/2025\/12\/30\/new-article-on-professional-vs-consumer-online-music-reviews\/\" target=\"_self\"  ><img loading=\"lazy\" decoding=\"async\" width=\"828\" height=\"508\" src=\"https:\/\/digespedi.us.edu.pl\/wp-content\/uploads\/2026\/01\/Elad-Silda-1.jpg\" class=\"attachment-post-thumbnail size-post-thumbnail wp-post-image\" alt=\"New article on professional vs. consumer online music reviews\" style=\"width:100%;height:100%;object-fit:cover;\" srcset=\"https:\/\/digespedi.us.edu.pl\/wp-content\/uploads\/2026\/01\/Elad-Silda-1.jpg 828w, https:\/\/digespedi.us.edu.pl\/wp-content\/uploads\/2026\/01\/Elad-Silda-1-300x184.jpg 300w, https:\/\/digespedi.us.edu.pl\/wp-content\/uploads\/2026\/01\/Elad-Silda-1-768x471.jpg 768w\" sizes=\"auto, (max-width: 828px) 100vw, 828px\" \/><\/a><\/figure>\n\n<h2 class=\"wp-block-post-title\"><a href=\"https:\/\/digespedi.us.edu.pl\/index.php\/2025\/12\/30\/new-article-on-professional-vs-consumer-online-music-reviews\/\" target=\"_self\" >New article on professional vs. consumer online music reviews<\/a><\/h2>\n\n<div class=\"wp-block-post-excerpt\"><p class=\"wp-block-post-excerpt__excerpt\">Our team member Karolina Ryker has published a new paper \u201cProfessional vs. consumer discourse communities: Comparative genre analysis&hellip;<\/p><p class=\"wp-block-post-excerpt__more-text\"><a class=\"wp-block-post-excerpt__more-link\" href=\"https:\/\/digespedi.us.edu.pl\/index.php\/2025\/12\/30\/new-article-on-professional-vs-consumer-online-music-reviews\/\">Read more<\/a><\/p><\/div>\n\n<div class=\"taxonomy-post_tag is-style-post-terms-1 is-style-post-terms-1--1 wp-block-post-terms\"><a href=\"https:\/\/digespedi.us.edu.pl\/index.php\/.\/karolina-ryker\/\" rel=\"tag\">Karolina Ryker<\/a><span class=\"wp-block-post-terms__separator\"> <\/span><a href=\"https:\/\/digespedi.us.edu.pl\/index.php\/.\/publication\/\" rel=\"tag\">publication<\/a><\/div>\n<\/li><li class=\"wp-block-post post-522 post type-post status-publish format-standard has-post-thumbnail hentry category-uncategorized tag-conference tag-karolina-ryker\">\n<figure style=\"aspect-ratio:4\/3;\" class=\"wp-block-post-featured-image\"><a href=\"https:\/\/digespedi.us.edu.pl\/index.php\/2025\/10\/01\/presentation-on-corpus-based-digital-genre-research\/\" target=\"_self\"  ><img loading=\"lazy\" decoding=\"async\" width=\"691\" height=\"487\" src=\"https:\/\/digespedi.us.edu.pl\/wp-content\/uploads\/2026\/01\/Karolina_Poznan2025.jpg\" class=\"attachment-post-thumbnail size-post-thumbnail wp-post-image\" alt=\"Presentation on corpus-based digital genre research\" style=\"width:100%;height:100%;object-fit:cover;\" srcset=\"https:\/\/digespedi.us.edu.pl\/wp-content\/uploads\/2026\/01\/Karolina_Poznan2025.jpg 691w, https:\/\/digespedi.us.edu.pl\/wp-content\/uploads\/2026\/01\/Karolina_Poznan2025-300x211.jpg 300w\" sizes=\"auto, (max-width: 691px) 100vw, 691px\" \/><\/a><\/figure>\n\n<h2 class=\"wp-block-post-title\"><a href=\"https:\/\/digespedi.us.edu.pl\/index.php\/2025\/10\/01\/presentation-on-corpus-based-digital-genre-research\/\" target=\"_self\" >Presentation on corpus-based digital genre research<\/a><\/h2>\n\n<div class=\"wp-block-post-excerpt\"><p class=\"wp-block-post-excerpt__excerpt\">At the 2025 conference Applied Linguistics in the Face of the Challenges of a Changing World in Pozna\u0144,&hellip;<\/p><p class=\"wp-block-post-excerpt__more-text\"><a class=\"wp-block-post-excerpt__more-link\" href=\"https:\/\/digespedi.us.edu.pl\/index.php\/2025\/10\/01\/presentation-on-corpus-based-digital-genre-research\/\">Read more<\/a><\/p><\/div>\n\n<div class=\"taxonomy-post_tag is-style-post-terms-1 is-style-post-terms-1--2 wp-block-post-terms\"><a href=\"https:\/\/digespedi.us.edu.pl\/index.php\/.\/conference\/\" rel=\"tag\">conference<\/a><span class=\"wp-block-post-terms__separator\"> <\/span><a href=\"https:\/\/digespedi.us.edu.pl\/index.php\/.\/karolina-ryker\/\" rel=\"tag\">Karolina Ryker<\/a><\/div>\n<\/li><li class=\"wp-block-post post-526 post type-post status-publish format-standard has-post-thumbnail hentry category-uncategorized tag-conference tag-karolina-ryker\">\n<figure style=\"aspect-ratio:4\/3;\" class=\"wp-block-post-featured-image\"><a href=\"https:\/\/digespedi.us.edu.pl\/index.php\/2025\/03\/30\/presentation-on-evaluative-language-in-online-music-criticism\/\" target=\"_self\"  ><img loading=\"lazy\" decoding=\"async\" width=\"669\" height=\"504\" src=\"https:\/\/digespedi.us.edu.pl\/wp-content\/uploads\/2026\/01\/Karolina_Konin2025.jpg\" class=\"attachment-post-thumbnail size-post-thumbnail wp-post-image\" alt=\"Presentation on evaluative language in online music criticism\" style=\"width:100%;height:100%;object-fit:cover;\" srcset=\"https:\/\/digespedi.us.edu.pl\/wp-content\/uploads\/2026\/01\/Karolina_Konin2025.jpg 669w, https:\/\/digespedi.us.edu.pl\/wp-content\/uploads\/2026\/01\/Karolina_Konin2025-300x226.jpg 300w\" sizes=\"auto, (max-width: 669px) 100vw, 669px\" \/><\/a><\/figure>\n\n<h2 class=\"wp-block-post-title\"><a href=\"https:\/\/digespedi.us.edu.pl\/index.php\/2025\/03\/30\/presentation-on-evaluative-language-in-online-music-criticism\/\" target=\"_self\" >Presentation on evaluative language in online music criticism<\/a><\/h2>\n\n<div class=\"wp-block-post-excerpt\"><p class=\"wp-block-post-excerpt__excerpt\">At the Contacts &amp; Contrasts 2025: Opinions in Language, Media &amp; Education conference, our team member Karolina Ryker&hellip;<\/p><p class=\"wp-block-post-excerpt__more-text\"><a class=\"wp-block-post-excerpt__more-link\" href=\"https:\/\/digespedi.us.edu.pl\/index.php\/2025\/03\/30\/presentation-on-evaluative-language-in-online-music-criticism\/\">Read more<\/a><\/p><\/div>\n\n<div class=\"taxonomy-post_tag is-style-post-terms-1 is-style-post-terms-1--3 wp-block-post-terms\"><a href=\"https:\/\/digespedi.us.edu.pl\/index.php\/.\/conference\/\" rel=\"tag\">conference<\/a><span class=\"wp-block-post-terms__separator\"> <\/span><a href=\"https:\/\/digespedi.us.edu.pl\/index.php\/.\/karolina-ryker\/\" rel=\"tag\">Karolina Ryker<\/a><\/div>\n<\/li><li class=\"wp-block-post post-519 post type-post status-publish format-standard has-post-thumbnail hentry category-uncategorized tag-karolina-ryker tag-publication\">\n<figure style=\"aspect-ratio:4\/3;\" class=\"wp-block-post-featured-image\"><a href=\"https:\/\/digespedi.us.edu.pl\/index.php\/2025\/01\/05\/new-article-on-lexical-creativity-in-online-music-reviews\/\" target=\"_self\"  ><img loading=\"lazy\" decoding=\"async\" width=\"684\" height=\"477\" src=\"https:\/\/digespedi.us.edu.pl\/wp-content\/uploads\/2026\/01\/Tertium.jpg\" class=\"attachment-post-thumbnail size-post-thumbnail wp-post-image\" alt=\"New article on lexical creativity in online music reviews\" style=\"width:100%;height:100%;object-fit:cover;\" srcset=\"https:\/\/digespedi.us.edu.pl\/wp-content\/uploads\/2026\/01\/Tertium.jpg 684w, https:\/\/digespedi.us.edu.pl\/wp-content\/uploads\/2026\/01\/Tertium-300x209.jpg 300w\" sizes=\"auto, (max-width: 684px) 100vw, 684px\" \/><\/a><\/figure>\n\n<h2 class=\"wp-block-post-title\"><a href=\"https:\/\/digespedi.us.edu.pl\/index.php\/2025\/01\/05\/new-article-on-lexical-creativity-in-online-music-reviews\/\" target=\"_self\" >New article on lexical creativity in online music reviews<\/a><\/h2>\n\n<div class=\"wp-block-post-excerpt\"><p class=\"wp-block-post-excerpt__excerpt\">Our team member Karolina Ryker has published a new paper \u201cLexical creativity in online music reviews: A corpus&hellip;<\/p><p class=\"wp-block-post-excerpt__more-text\"><a class=\"wp-block-post-excerpt__more-link\" href=\"https:\/\/digespedi.us.edu.pl\/index.php\/2025\/01\/05\/new-article-on-lexical-creativity-in-online-music-reviews\/\">Read more<\/a><\/p><\/div>\n\n<div class=\"taxonomy-post_tag is-style-post-terms-1 is-style-post-terms-1--4 wp-block-post-terms\"><a href=\"https:\/\/digespedi.us.edu.pl\/index.php\/.\/karolina-ryker\/\" rel=\"tag\">Karolina Ryker<\/a><span class=\"wp-block-post-terms__separator\"> <\/span><a href=\"https:\/\/digespedi.us.edu.pl\/index.php\/.\/publication\/\" rel=\"tag\">publication<\/a><\/div>\n<\/li><li class=\"wp-block-post post-587 post type-post status-publish format-standard has-post-thumbnail hentry category-uncategorized tag-karolina-ryker tag-publication\">\n<figure style=\"aspect-ratio:4\/3;\" class=\"wp-block-post-featured-image\"><a href=\"https:\/\/digespedi.us.edu.pl\/index.php\/2024\/12\/26\/new-article-on-intertextuality-in-translation\/\" target=\"_self\"  ><img loading=\"lazy\" decoding=\"async\" width=\"642\" height=\"461\" src=\"https:\/\/digespedi.us.edu.pl\/wp-content\/uploads\/2026\/01\/Karolina_Forum_2024.jpg\" class=\"attachment-post-thumbnail size-post-thumbnail wp-post-image\" alt=\"New article on intertextuality in translation\" style=\"width:100%;height:100%;object-fit:cover;\" srcset=\"https:\/\/digespedi.us.edu.pl\/wp-content\/uploads\/2026\/01\/Karolina_Forum_2024.jpg 642w, https:\/\/digespedi.us.edu.pl\/wp-content\/uploads\/2026\/01\/Karolina_Forum_2024-300x215.jpg 300w\" sizes=\"auto, (max-width: 642px) 100vw, 642px\" \/><\/a><\/figure>\n\n<h2 class=\"wp-block-post-title\"><a href=\"https:\/\/digespedi.us.edu.pl\/index.php\/2024\/12\/26\/new-article-on-intertextuality-in-translation\/\" target=\"_self\" >New article on intertextuality in translation<\/a><\/h2>\n\n<div class=\"wp-block-post-excerpt\"><p class=\"wp-block-post-excerpt__excerpt\">A new paper, \u201cOvercoming challenges posed by intertextuality: Translation strategies employed in Polish and German translations of Agatha&hellip;<\/p><p class=\"wp-block-post-excerpt__more-text\"><a class=\"wp-block-post-excerpt__more-link\" href=\"https:\/\/digespedi.us.edu.pl\/index.php\/2024\/12\/26\/new-article-on-intertextuality-in-translation\/\">Read more<\/a><\/p><\/div>\n\n<div class=\"taxonomy-post_tag is-style-post-terms-1 is-style-post-terms-1--5 wp-block-post-terms\"><a href=\"https:\/\/digespedi.us.edu.pl\/index.php\/.\/karolina-ryker\/\" rel=\"tag\">Karolina Ryker<\/a><span class=\"wp-block-post-terms__separator\"> <\/span><a href=\"https:\/\/digespedi.us.edu.pl\/index.php\/.\/publication\/\" rel=\"tag\">publication<\/a><\/div>\n<\/li><\/ul><\/div>\n\n\n\n<div class=\"wp-block-group is-layout-flow wp-block-group-is-layout-flow\"><\/div>\n<\/div>\n","protected":false},"excerpt":{"rendered":"<p>Karolina Ryker PhD Candidate ORCID: 0009-0001-0241-7569 Google Scholar ResearchGate E-mail: karolina.ryker@us.edu.pl; karolina.ryker@uniroma1.it I am a PhD candidate in the field of Linguistics at the University of Silesia in Katowice in cotutelle with Sapienza University of Rome. My PhD project focuses on genre analysis of online music reviews as well as exploring evaluative language used in [&hellip;]<\/p>\n","protected":false},"author":1,"featured_media":0,"parent":0,"menu_order":0,"comment_status":"closed","ping_status":"closed","template":"","meta":{"footnotes":""},"class_list":["post-172","page","type-page","status-publish","hentry"],"_links":{"self":[{"href":"https:\/\/digespedi.us.edu.pl\/index.php\/wp-json\/wp\/v2\/pages\/172","targetHints":{"allow":["GET"]}}],"collection":[{"href":"https:\/\/digespedi.us.edu.pl\/index.php\/wp-json\/wp\/v2\/pages"}],"about":[{"href":"https:\/\/digespedi.us.edu.pl\/index.php\/wp-json\/wp\/v2\/types\/page"}],"author":[{"embeddable":true,"href":"https:\/\/digespedi.us.edu.pl\/index.php\/wp-json\/wp\/v2\/users\/1"}],"replies":[{"embeddable":true,"href":"https:\/\/digespedi.us.edu.pl\/index.php\/wp-json\/wp\/v2\/comments?post=172"}],"version-history":[{"count":17,"href":"https:\/\/digespedi.us.edu.pl\/index.php\/wp-json\/wp\/v2\/pages\/172\/revisions"}],"predecessor-version":[{"id":549,"href":"https:\/\/digespedi.us.edu.pl\/index.php\/wp-json\/wp\/v2\/pages\/172\/revisions\/549"}],"wp:attachment":[{"href":"https:\/\/digespedi.us.edu.pl\/index.php\/wp-json\/wp\/v2\/media?parent=172"}],"curies":[{"name":"wp","href":"https:\/\/api.w.org\/{rel}","templated":true}]}}