{"id":22,"date":"2025-12-17T14:53:55","date_gmt":"2025-12-17T14:53:55","guid":{"rendered":"https:\/\/digespedi.us.edu.pl\/?page_id=22"},"modified":"2026-03-24T17:50:32","modified_gmt":"2026-03-24T15:50:32","slug":"publications","status":"publish","type":"page","link":"https:\/\/digespedi.us.edu.pl\/index.php\/publications\/","title":{"rendered":"Publications"},"content":{"rendered":"\n<h2 class=\"wp-block-heading\">List of our publications:<\/h2>\n\n\n\n<p>2026:<\/p>\n\n\n\n<ul class=\"wp-block-list\">\n<li>Warcha\u0142, K. (2026). Research results announcements online: Actors and genres in the processes of parallel knowledge entextualisation. In O. M. Carciu &amp; R. Villares (Eds.), <em>Digital genres for academic and professional communication: Mapping research and practice<\/em> (pp. 41-59). Routledge.<\/li>\n<\/ul>\n\n\n\n<p>2025:<\/p>\n\n\n\n<ul class=\"wp-block-list\">\n<li>Ryker, K. M. (2025). Professional vs. consumer discourse communities: Comparative genre analysis of online music reviews.&nbsp;<em>ELAD-SILDA \u00c9tudes de Linguistique et d\u2019Analyse des Discours \u2013 Studies in Linguistics and Discourse Analysis<\/em>, (12), 37\u201377. <a href=\"https:\/\/doi.org\/10.35562\/elad-silda.1757\">https:\/\/doi.org\/10.35562\/elad-silda.1757<\/a><\/li>\n\n\n\n<li>Warcha\u0142, K. (2025). Facts, hopes, and fears: Recontextualising experimental drug results for diverse audiences. <em>Discourse, Context &amp; Media, 66<\/em>, 100914&nbsp; <a href=\"https:\/\/doi.org\/10.1016\/j.dcm.2025.100914\" target=\"_blank\" rel=\"noreferrer noopener\">https:\/\/doi.org\/10.1016\/j.dcm.2025.100914<\/a><\/li>\n\n\n\n<li>Zalega, J. (2025). External lexical influences in the English language from antiquity to modern times. <em>Studia Neofilologiczne. Rozprawy J\u0119zykoznawcze, 21<\/em>, 199\u2013222. <a href=\"https:\/\/doi.org\/10.16926\/sn.2025.21.11\">https:\/\/doi.org\/10.16926\/sn.2025.21.11<\/a><\/li>\n\n\n\n<li>Ziora, A., &amp; G\u0119gotek, D. (2025). Analysing Values and Emotions in the Face of Modern Changes &#8211; from Psychological Categorization Systems to Computational Linguistic Analysis. W E. Sternal, L. Kilewaja, J. Burzy\u0144ska-Sylwestrzak, &amp; T. Fojt (Redaktorzy), <em>J\u0119zyk warto\u015bci: wyzwania wsp\u00f3\u0142czesnego \u015bwiata<\/em> (s. 102\u2013124). Wydawnictwo Uczelni Lingwistyczno-Technicznej w Przasnyszu.<\/li>\n<\/ul>\n\n\n\n<p>2024:<\/p>\n\n\n\n<ul class=\"wp-block-list\">\n<li>Majer, A. (2024). Specjalno\u015b\u0107 j\u0119zyk biznesu: Analiza oczekiwa\u0144 student\u00f3w pierwszego roku kierunku filologia angielska [The Business English specialisation: An analysis of first-year English majors&#8217; expectations]. In M. Grygiel, M. Kobylska (Eds.), <em>Komunikacja specjalistyczna w edukacji, translatoryce i j\u0119zykoznawstwie 5<\/em> (pp. 38-64). Wydawnictwo Uniwersytetu Rzeszowskiego. ISBN 978-83-8277-190-9<\/li>\n\n\n\n<li>Ryker, K. M. (2024). Lexical creativity in online music reviews: A corpus study of hyphenated neologistic compounds. <em>P\u00f3\u0142rocznik J\u0119zykoznawczy Tertium. Tertium Linguistic Journal<\/em>, <em>9<\/em>(2), 198\u2013223. <a href=\"https:\/\/doi.org\/10.7592\/Tertium.2024.9.2.277\">https:\/\/doi.org\/10.7592\/Tertium.2024.9.2.277<\/a><\/li>\n\n\n\n<li>Ryker, K. M. (2024). Overcoming challenges posed by intertextuality: Translation strategies employed in Polish and German translations of Agatha Christie\u2019s novel titles.&nbsp;<em>Forum for Contemporary Issues in Language and Literature<\/em>,&nbsp;(5), 91\u2013110.&nbsp;<a href=\"https:\/\/doi.org\/10.34739\/fci.2024.05.08\">https:\/\/doi.org\/10.34739\/fci.2024.05.08<\/a><\/li>\n\n\n\n<li>Warcha\u0142, K. <a>(2024). <\/a>Attitudes towards English for research publication in a multilingual context: The case of Polish linguists. <em>Journal of English for Academic Purposes, 71<\/em>, 101403&nbsp; <a href=\"https:\/\/doi.org\/10.1016\/j.jeap.2024.101403\" target=\"_blank\" rel=\"noreferrer noopener\">https:\/\/doi.org\/10.1016\/j.jeap.2024.101403<\/a><\/li>\n\n\n\n<li><a>Warcha\u0142, K., &amp; Zakrajewski, <\/a>P. (2024). At the intersection of disciplinary practice and science policy: Publication language choices of social sciences and humanities scholars in Poland. <em>Journal of Scholarly Publishing<\/em><em>,<\/em> <em>55(1)<\/em>, 1\u201336. <a href=\"https:\/\/doi.org\/10.3138\/jsp-2023-0036\">https:\/\/doi.org\/10.3138\/jsp-2023-0036<\/a><\/li>\n<\/ul>\n\n\n\n<div class=\"wp-block-query alignwide is-layout-flow wp-block-query-is-layout-flow\">\n<div class=\"wp-block-group is-layout-flow wp-block-group-is-layout-flow\" style=\"padding-top:var(--wp--preset--spacing--50);padding-bottom:var(--wp--preset--spacing--50)\"><ul class=\"wp-block-post-template is-layout-grid wp-container-core-post-template-is-layout-3cd8e4d2 wp-block-post-template-is-layout-grid\"><li class=\"wp-block-post post-515 post type-post status-publish format-standard has-post-thumbnail hentry category-uncategorized tag-karolina-ryker tag-publication\">\n<figure style=\"aspect-ratio:4\/3;\" class=\"wp-block-post-featured-image\"><a href=\"https:\/\/digespedi.us.edu.pl\/index.php\/2025\/12\/30\/new-article-on-professional-vs-consumer-online-music-reviews\/\" target=\"_self\"  ><img loading=\"lazy\" decoding=\"async\" width=\"828\" height=\"508\" src=\"https:\/\/digespedi.us.edu.pl\/wp-content\/uploads\/2026\/01\/Elad-Silda-1.jpg\" class=\"attachment-post-thumbnail size-post-thumbnail wp-post-image\" alt=\"New article on professional vs. consumer online music reviews\" style=\"width:100%;height:100%;object-fit:cover;\" srcset=\"https:\/\/digespedi.us.edu.pl\/wp-content\/uploads\/2026\/01\/Elad-Silda-1.jpg 828w, https:\/\/digespedi.us.edu.pl\/wp-content\/uploads\/2026\/01\/Elad-Silda-1-300x184.jpg 300w, https:\/\/digespedi.us.edu.pl\/wp-content\/uploads\/2026\/01\/Elad-Silda-1-768x471.jpg 768w\" sizes=\"auto, (max-width: 828px) 100vw, 828px\" \/><\/a><\/figure>\n\n<h2 class=\"wp-block-post-title\"><a href=\"https:\/\/digespedi.us.edu.pl\/index.php\/2025\/12\/30\/new-article-on-professional-vs-consumer-online-music-reviews\/\" target=\"_self\" >New article on professional vs. consumer online music reviews<\/a><\/h2>\n\n<div class=\"wp-block-post-excerpt\"><p class=\"wp-block-post-excerpt__excerpt\">Our team member Karolina Ryker has published a new paper \u201cProfessional vs. consumer discourse communities: Comparative genre analysis&hellip;<\/p><p class=\"wp-block-post-excerpt__more-text\"><a class=\"wp-block-post-excerpt__more-link\" href=\"https:\/\/digespedi.us.edu.pl\/index.php\/2025\/12\/30\/new-article-on-professional-vs-consumer-online-music-reviews\/\">Read more<\/a><\/p><\/div>\n\n<div class=\"taxonomy-post_tag is-style-post-terms-1 is-style-post-terms-1--1 wp-block-post-terms\"><a href=\"https:\/\/digespedi.us.edu.pl\/index.php\/.\/karolina-ryker\/\" rel=\"tag\">Karolina Ryker<\/a><span class=\"wp-block-post-terms__separator\"> <\/span><a href=\"https:\/\/digespedi.us.edu.pl\/index.php\/.\/publication\/\" rel=\"tag\">publication<\/a><\/div>\n<\/li><li class=\"wp-block-post post-36 post type-post status-publish format-standard has-post-thumbnail hentry category-uncategorized tag-jan-zalega tag-publication\">\n<figure style=\"aspect-ratio:4\/3;\" class=\"wp-block-post-featured-image\"><a href=\"https:\/\/digespedi.us.edu.pl\/index.php\/2025\/11\/30\/new-article-2\/\" target=\"_self\"  ><img loading=\"lazy\" decoding=\"async\" width=\"886\" height=\"561\" src=\"https:\/\/digespedi.us.edu.pl\/wp-content\/uploads\/2025\/12\/studia_neofilolog_1.jpg\" class=\"attachment-post-thumbnail size-post-thumbnail wp-post-image\" alt=\"New article on how English vocabulary was shaped by language contact\" style=\"width:100%;height:100%;object-fit:cover;\" srcset=\"https:\/\/digespedi.us.edu.pl\/wp-content\/uploads\/2025\/12\/studia_neofilolog_1.jpg 886w, https:\/\/digespedi.us.edu.pl\/wp-content\/uploads\/2025\/12\/studia_neofilolog_1-300x190.jpg 300w, https:\/\/digespedi.us.edu.pl\/wp-content\/uploads\/2025\/12\/studia_neofilolog_1-768x486.jpg 768w\" sizes=\"auto, (max-width: 886px) 100vw, 886px\" \/><\/a><\/figure>\n\n<h2 class=\"wp-block-post-title\"><a href=\"https:\/\/digespedi.us.edu.pl\/index.php\/2025\/11\/30\/new-article-2\/\" target=\"_self\" >New article on how English vocabulary was shaped by language contact<\/a><\/h2>\n\n<div class=\"wp-block-post-excerpt\"><p class=\"wp-block-post-excerpt__excerpt\">We are pleased to announce that our member, Jan Zalega, has published an article titled \u201cExternal Lexical Influences&hellip;<\/p><p class=\"wp-block-post-excerpt__more-text\"><a class=\"wp-block-post-excerpt__more-link\" href=\"https:\/\/digespedi.us.edu.pl\/index.php\/2025\/11\/30\/new-article-2\/\">Read more<\/a><\/p><\/div>\n\n<div class=\"taxonomy-post_tag is-style-post-terms-1 is-style-post-terms-1--2 wp-block-post-terms\"><a href=\"https:\/\/digespedi.us.edu.pl\/index.php\/.\/jan-zalega\/\" rel=\"tag\">Jan Zalega<\/a><span class=\"wp-block-post-terms__separator\"> <\/span><a href=\"https:\/\/digespedi.us.edu.pl\/index.php\/.\/publication\/\" rel=\"tag\">publication<\/a><\/div>\n<\/li><li class=\"wp-block-post post-329 post type-post status-publish format-standard has-post-thumbnail hentry category-uncategorized tag-agnieszka-ziora tag-dominik-gegotek tag-publication\">\n<figure style=\"aspect-ratio:4\/3;\" class=\"wp-block-post-featured-image\"><a href=\"https:\/\/digespedi.us.edu.pl\/index.php\/2025\/11\/30\/new-publication\/\" target=\"_self\"  ><img loading=\"lazy\" decoding=\"async\" width=\"456\" height=\"305\" src=\"https:\/\/digespedi.us.edu.pl\/wp-content\/uploads\/2025\/11\/Screenshot-From-2026-01-04-12-05-28.png\" class=\"attachment-post-thumbnail size-post-thumbnail wp-post-image\" alt=\"New article on computational analysis of values\" style=\"width:100%;height:100%;object-fit:cover;\" srcset=\"https:\/\/digespedi.us.edu.pl\/wp-content\/uploads\/2025\/11\/Screenshot-From-2026-01-04-12-05-28.png 456w, https:\/\/digespedi.us.edu.pl\/wp-content\/uploads\/2025\/11\/Screenshot-From-2026-01-04-12-05-28-300x201.png 300w\" sizes=\"auto, (max-width: 456px) 100vw, 456px\" \/><\/a><\/figure>\n\n<h2 class=\"wp-block-post-title\"><a href=\"https:\/\/digespedi.us.edu.pl\/index.php\/2025\/11\/30\/new-publication\/\" target=\"_self\" >New article on computational analysis of values<\/a><\/h2>\n\n<div class=\"wp-block-post-excerpt\"><p class=\"wp-block-post-excerpt__excerpt\">We are pleased to announce that our members, Agnieszka Ziora and Dominik G\u0119gotek have just published a book&hellip;<\/p><p class=\"wp-block-post-excerpt__more-text\"><a class=\"wp-block-post-excerpt__more-link\" href=\"https:\/\/digespedi.us.edu.pl\/index.php\/2025\/11\/30\/new-publication\/\">Read more<\/a><\/p><\/div>\n\n<div class=\"taxonomy-post_tag is-style-post-terms-1 is-style-post-terms-1--3 wp-block-post-terms\"><a href=\"https:\/\/digespedi.us.edu.pl\/index.php\/.\/agnieszka-ziora\/\" rel=\"tag\">Agnieszka Ziora<\/a><span class=\"wp-block-post-terms__separator\"> <\/span><a href=\"https:\/\/digespedi.us.edu.pl\/index.php\/.\/dominik-gegotek\/\" rel=\"tag\">Dominik G\u0119gotek<\/a><span class=\"wp-block-post-terms__separator\"> <\/span><a href=\"https:\/\/digespedi.us.edu.pl\/index.php\/.\/publication\/\" rel=\"tag\">publication<\/a><\/div>\n<\/li><li class=\"wp-block-post post-42 post type-post status-publish format-standard has-post-thumbnail hentry category-uncategorized tag-krystyna-warchal tag-publication\">\n<figure style=\"aspect-ratio:4\/3;\" class=\"wp-block-post-featured-image\"><a href=\"https:\/\/digespedi.us.edu.pl\/index.php\/2025\/10\/17\/new-article\/\" target=\"_self\"  ><img loading=\"lazy\" decoding=\"async\" width=\"626\" height=\"414\" src=\"https:\/\/digespedi.us.edu.pl\/wp-content\/uploads\/2025\/10\/Facts_5.jpg\" class=\"attachment-post-thumbnail size-post-thumbnail wp-post-image\" alt=\"New article on the recontextualisation of knowledge claims\" style=\"width:100%;height:100%;object-fit:cover;\" srcset=\"https:\/\/digespedi.us.edu.pl\/wp-content\/uploads\/2025\/10\/Facts_5.jpg 626w, https:\/\/digespedi.us.edu.pl\/wp-content\/uploads\/2025\/10\/Facts_5-300x198.jpg 300w\" sizes=\"auto, (max-width: 626px) 100vw, 626px\" \/><\/a><\/figure>\n\n<h2 class=\"wp-block-post-title\"><a href=\"https:\/\/digespedi.us.edu.pl\/index.php\/2025\/10\/17\/new-article\/\" target=\"_self\" >New article on the recontextualisation of knowledge claims<\/a><\/h2>\n\n<div class=\"wp-block-post-excerpt\"><p class=\"wp-block-post-excerpt__excerpt\">A new article \u2013 \u201cFacts, hopes, and fears: Recontextualising experimental drug results for diverse audiences\u201d \u2013 by our&hellip;<\/p><p class=\"wp-block-post-excerpt__more-text\"><a class=\"wp-block-post-excerpt__more-link\" href=\"https:\/\/digespedi.us.edu.pl\/index.php\/2025\/10\/17\/new-article\/\">Read more<\/a><\/p><\/div>\n\n<div class=\"taxonomy-post_tag is-style-post-terms-1 is-style-post-terms-1--4 wp-block-post-terms\"><a href=\"https:\/\/digespedi.us.edu.pl\/index.php\/.\/krystyna-warchal\/\" rel=\"tag\">Krystyna Warcha\u0142<\/a><span class=\"wp-block-post-terms__separator\"> <\/span><a href=\"https:\/\/digespedi.us.edu.pl\/index.php\/.\/publication\/\" rel=\"tag\">publication<\/a><\/div>\n<\/li><li class=\"wp-block-post post-519 post type-post status-publish format-standard has-post-thumbnail hentry category-uncategorized tag-karolina-ryker tag-publication\">\n<figure style=\"aspect-ratio:4\/3;\" class=\"wp-block-post-featured-image\"><a href=\"https:\/\/digespedi.us.edu.pl\/index.php\/2025\/01\/05\/new-article-on-lexical-creativity-in-online-music-reviews\/\" target=\"_self\"  ><img loading=\"lazy\" decoding=\"async\" width=\"684\" height=\"477\" src=\"https:\/\/digespedi.us.edu.pl\/wp-content\/uploads\/2026\/01\/Tertium.jpg\" class=\"attachment-post-thumbnail size-post-thumbnail wp-post-image\" alt=\"New article on lexical creativity in online music reviews\" style=\"width:100%;height:100%;object-fit:cover;\" srcset=\"https:\/\/digespedi.us.edu.pl\/wp-content\/uploads\/2026\/01\/Tertium.jpg 684w, https:\/\/digespedi.us.edu.pl\/wp-content\/uploads\/2026\/01\/Tertium-300x209.jpg 300w\" sizes=\"auto, (max-width: 684px) 100vw, 684px\" \/><\/a><\/figure>\n\n<h2 class=\"wp-block-post-title\"><a href=\"https:\/\/digespedi.us.edu.pl\/index.php\/2025\/01\/05\/new-article-on-lexical-creativity-in-online-music-reviews\/\" target=\"_self\" >New article on lexical creativity in online music reviews<\/a><\/h2>\n\n<div class=\"wp-block-post-excerpt\"><p class=\"wp-block-post-excerpt__excerpt\">Our team member Karolina Ryker has published a new paper \u201cLexical creativity in online music reviews: A corpus&hellip;<\/p><p class=\"wp-block-post-excerpt__more-text\"><a class=\"wp-block-post-excerpt__more-link\" href=\"https:\/\/digespedi.us.edu.pl\/index.php\/2025\/01\/05\/new-article-on-lexical-creativity-in-online-music-reviews\/\">Read more<\/a><\/p><\/div>\n\n<div class=\"taxonomy-post_tag is-style-post-terms-1 is-style-post-terms-1--5 wp-block-post-terms\"><a href=\"https:\/\/digespedi.us.edu.pl\/index.php\/.\/karolina-ryker\/\" rel=\"tag\">Karolina Ryker<\/a><span class=\"wp-block-post-terms__separator\"> <\/span><a href=\"https:\/\/digespedi.us.edu.pl\/index.php\/.\/publication\/\" rel=\"tag\">publication<\/a><\/div>\n<\/li><li class=\"wp-block-post post-587 post type-post status-publish format-standard has-post-thumbnail hentry category-uncategorized tag-karolina-ryker tag-publication\">\n<figure style=\"aspect-ratio:4\/3;\" class=\"wp-block-post-featured-image\"><a href=\"https:\/\/digespedi.us.edu.pl\/index.php\/2024\/12\/26\/new-article-on-intertextuality-in-translation\/\" target=\"_self\"  ><img loading=\"lazy\" decoding=\"async\" width=\"642\" height=\"461\" src=\"https:\/\/digespedi.us.edu.pl\/wp-content\/uploads\/2026\/01\/Karolina_Forum_2024.jpg\" class=\"attachment-post-thumbnail size-post-thumbnail wp-post-image\" alt=\"New article on intertextuality in translation\" style=\"width:100%;height:100%;object-fit:cover;\" srcset=\"https:\/\/digespedi.us.edu.pl\/wp-content\/uploads\/2026\/01\/Karolina_Forum_2024.jpg 642w, https:\/\/digespedi.us.edu.pl\/wp-content\/uploads\/2026\/01\/Karolina_Forum_2024-300x215.jpg 300w\" sizes=\"auto, (max-width: 642px) 100vw, 642px\" \/><\/a><\/figure>\n\n<h2 class=\"wp-block-post-title\"><a href=\"https:\/\/digespedi.us.edu.pl\/index.php\/2024\/12\/26\/new-article-on-intertextuality-in-translation\/\" target=\"_self\" >New article on intertextuality in translation<\/a><\/h2>\n\n<div class=\"wp-block-post-excerpt\"><p class=\"wp-block-post-excerpt__excerpt\">A new paper, \u201cOvercoming challenges posed by intertextuality: Translation strategies employed in Polish and German translations of Agatha&hellip;<\/p><p class=\"wp-block-post-excerpt__more-text\"><a class=\"wp-block-post-excerpt__more-link\" href=\"https:\/\/digespedi.us.edu.pl\/index.php\/2024\/12\/26\/new-article-on-intertextuality-in-translation\/\">Read more<\/a><\/p><\/div>\n\n<div class=\"taxonomy-post_tag is-style-post-terms-1 is-style-post-terms-1--6 wp-block-post-terms\"><a href=\"https:\/\/digespedi.us.edu.pl\/index.php\/.\/karolina-ryker\/\" rel=\"tag\">Karolina Ryker<\/a><span class=\"wp-block-post-terms__separator\"> <\/span><a href=\"https:\/\/digespedi.us.edu.pl\/index.php\/.\/publication\/\" rel=\"tag\">publication<\/a><\/div>\n<\/li><\/ul><\/div>\n\n\n\n<div class=\"wp-block-group is-layout-flow wp-block-group-is-layout-flow\"><\/div>\n<\/div>\n","protected":false},"excerpt":{"rendered":"<p>List of our publications: 2026: 2025: 2024:<\/p>\n","protected":false},"author":1,"featured_media":0,"parent":0,"menu_order":0,"comment_status":"closed","ping_status":"closed","template":"","meta":{"footnotes":""},"class_list":["post-22","page","type-page","status-publish","hentry"],"_links":{"self":[{"href":"https:\/\/digespedi.us.edu.pl\/index.php\/wp-json\/wp\/v2\/pages\/22","targetHints":{"allow":["GET"]}}],"collection":[{"href":"https:\/\/digespedi.us.edu.pl\/index.php\/wp-json\/wp\/v2\/pages"}],"about":[{"href":"https:\/\/digespedi.us.edu.pl\/index.php\/wp-json\/wp\/v2\/types\/page"}],"author":[{"embeddable":true,"href":"https:\/\/digespedi.us.edu.pl\/index.php\/wp-json\/wp\/v2\/users\/1"}],"replies":[{"embeddable":true,"href":"https:\/\/digespedi.us.edu.pl\/index.php\/wp-json\/wp\/v2\/comments?post=22"}],"version-history":[{"count":14,"href":"https:\/\/digespedi.us.edu.pl\/index.php\/wp-json\/wp\/v2\/pages\/22\/revisions"}],"predecessor-version":[{"id":618,"href":"https:\/\/digespedi.us.edu.pl\/index.php\/wp-json\/wp\/v2\/pages\/22\/revisions\/618"}],"wp:attachment":[{"href":"https:\/\/digespedi.us.edu.pl\/index.php\/wp-json\/wp\/v2\/media?parent=22"}],"curies":[{"name":"wp","href":"https:\/\/api.w.org\/{rel}","templated":true}]}}